{"id":8,"date":"2021-09-22T08:38:20","date_gmt":"2021-09-22T08:38:20","guid":{"rendered":"https:\/\/jakubenas.lt\/?page_id=8"},"modified":"2024-04-14T07:39:29","modified_gmt":"2024-04-14T07:39:29","slug":"main","status":"publish","type":"page","link":"https:\/\/jakubenas.lt\/index.php\/main\/","title":{"rendered":"Pagrindinis"},"content":{"rendered":"<style>\/*! elementor - v3.5.6 - 28-02-2022 *\/<br \/>\n.elementor-heading-title{padding:0;margin:0;line-height:1}.elementor-widget-heading .elementor-heading-title[class*=elementor-size-]>a{color:inherit;font-size:inherit;line-height:inherit}.elementor-widget-heading .elementor-heading-title.elementor-size-small{font-size:15px}.elementor-widget-heading .elementor-heading-title.elementor-size-medium{font-size:19px}.elementor-widget-heading .elementor-heading-title.elementor-size-large{font-size:29px}.elementor-widget-heading .elementor-heading-title.elementor-size-xl{font-size:39px}.elementor-widget-heading .elementor-heading-title.elementor-size-xxl{font-size:59px}<\/style>\n<h1>Vlado Jakub\u0117no draugija<\/h1>\n<style>\/*! elementor - v3.5.6 - 28-02-2022 *\/<br \/>\n.elementor-widget-image{text-align:center}.elementor-widget-image a{display:inline-block}.elementor-widget-image a img[src$=\".svg\"]{width:48px}.elementor-widget-image img{vertical-align:middle;display:inline-block}<\/style>\n<p><img loading=\"lazy\" decoding=\"async\" src=\"https:\/\/jakubenas.lt\/wp-content\/uploads\/2021\/09\/7_Nuotrauku-galerijai_11jakubenas_senatveje.jpg\" sizes=\"auto, (max-width: 963px) 100vw, 963px\" srcset=\"https:\/\/jakubenas.lt\/wp-content\/uploads\/2021\/09\/7_Nuotrauku-galerijai_11jakubenas_senatveje.jpg 963w, https:\/\/jakubenas.lt\/wp-content\/uploads\/2021\/09\/7_Nuotrauku-galerijai_11jakubenas_senatveje-288x300.jpg 288w, https:\/\/jakubenas.lt\/wp-content\/uploads\/2021\/09\/7_Nuotrauku-galerijai_11jakubenas_senatveje-768x800.jpg 768w\" alt=\"\" width=\"963\" height=\"1003\" \/><\/p>\n<h2>Apie mus<\/h2>\n<p>Nuo 1992 m. Lietuvoje veikian\u010dios Vlado Jakub\u0117no draugijos tikslas \u2013 aktualizuoti ir populiarinti \u017eymaus lietuvi\u0173 kompozitoriaus, muzikos kritiko, atlik\u0117jo, pedagogo Vlado Jakub\u0117no (1904\u20131976) k\u016bryb\u0105 ir vard\u0105; skatinti meno ir kult\u016bros sritis, kurios buvo artimos jo \u012fvairialypei veiklai.<\/p>\n<p><a role=\"button\">Su\u017einokite daugiau<br \/>\n<\/a><br \/>\n<img loading=\"lazy\" decoding=\"async\" src=\"https:\/\/jakubenas.lt\/wp-content\/uploads\/2021\/09\/7_Nuotrauku-galerijai_2pav.F465_ap1_b288_l13a-768x553.jpg\" sizes=\"auto, (max-width: 768px) 100vw, 768px\" srcset=\"https:\/\/jakubenas.lt\/wp-content\/uploads\/2021\/09\/7_Nuotrauku-galerijai_2pav.F465_ap1_b288_l13a-768x553.jpg 768w, https:\/\/jakubenas.lt\/wp-content\/uploads\/2021\/09\/7_Nuotrauku-galerijai_2pav.F465_ap1_b288_l13a-300x216.jpg 300w, https:\/\/jakubenas.lt\/wp-content\/uploads\/2021\/09\/7_Nuotrauku-galerijai_2pav.F465_ap1_b288_l13a-1024x738.jpg 1024w, https:\/\/jakubenas.lt\/wp-content\/uploads\/2021\/09\/7_Nuotrauku-galerijai_2pav.F465_ap1_b288_l13a-1536x1107.jpg 1536w, https:\/\/jakubenas.lt\/wp-content\/uploads\/2021\/09\/7_Nuotrauku-galerijai_2pav.F465_ap1_b288_l13a-2048x1476.jpg 2048w\" alt=\"\" width=\"768\" height=\"553\" \/><\/p>\n<h2>Tikslai, misija<\/h2>\n<p>Vladas Jakub\u0117nas buvo viena kertini\u0173 tarpukario ir lietuvi\u0173 i\u0161eivijos muzikinio gyvenimo fig\u016br\u0173. Vlado Jakub\u0117no draugija siekia skleisti jo k\u016bryb\u0105 ir vard\u0105 dabarties Lietuvos muzikin\u0117s kult\u016bros kontekste.<\/p>\n<p><a role=\"button\"><br \/>\nSu\u017einokite daugiau<br \/>\n<\/a><br \/>\n<img loading=\"lazy\" decoding=\"async\" src=\"https:\/\/jakubenas.lt\/wp-content\/uploads\/2021\/09\/7_Nuotrauku-galerijai_kompozitoriai-kacinskas_zilevicius_jakubenas_bacevicius-02-768x502.jpg\" sizes=\"auto, (max-width: 768px) 100vw, 768px\" srcset=\"https:\/\/jakubenas.lt\/wp-content\/uploads\/2021\/09\/7_Nuotrauku-galerijai_kompozitoriai-kacinskas_zilevicius_jakubenas_bacevicius-02-768x502.jpg 768w, https:\/\/jakubenas.lt\/wp-content\/uploads\/2021\/09\/7_Nuotrauku-galerijai_kompozitoriai-kacinskas_zilevicius_jakubenas_bacevicius-02-300x196.jpg 300w, https:\/\/jakubenas.lt\/wp-content\/uploads\/2021\/09\/7_Nuotrauku-galerijai_kompozitoriai-kacinskas_zilevicius_jakubenas_bacevicius-02-1024x669.jpg 1024w, https:\/\/jakubenas.lt\/wp-content\/uploads\/2021\/09\/7_Nuotrauku-galerijai_kompozitoriai-kacinskas_zilevicius_jakubenas_bacevicius-02-1536x1004.jpg 1536w, https:\/\/jakubenas.lt\/wp-content\/uploads\/2021\/09\/7_Nuotrauku-galerijai_kompozitoriai-kacinskas_zilevicius_jakubenas_bacevicius-02.jpg 1968w\" alt=\"\" width=\"768\" height=\"502\" \/><\/p>\n<h2>Istorija<\/h2>\n<p>1990 m. atgavus Lietuvos nepriklausomyb\u0119, suaktyv\u0117jo ry\u0161iai su lietuvi\u0173 i\u0161eivija ir kult\u016bra. \u012e Lietuv\u0105 prad\u0117ta gra\u017einti u\u017esienyje gyvenusi\u0173 meninink\u0173 k\u016bryba, kuri ilg\u0105 laik\u0105 \u010dia buvo nutylima. Vladas Jakub\u0117nas, 1944 m. drauge su daugeliu Lietuvos inteligent\u0173 emigrav\u0119s \u012f Vakarus, buvo i\u0161trintas i\u0161 v\u0117lesni\u0173 Lietuvos muzikin\u0117s kult\u016bros metra\u0161\u010di\u0173. Tad Lietuvos atsiv\u0117rimas pasauliui po 1990 m. buvo akstinas u\u017epildyti baltas Lietuvos muzikos istorijos d\u0117mes. 1992 m. \u012fsteigta Kompozitoriaus Vlado Jakub\u0117no draugija Vilniuje, j\u0105 globojant kompozitoriaus giminai\u010diams JAV, svariai prisid\u0117jo, gr\u0105\u017einant V. Jakub\u0117no k\u016bryb\u0105 \u012f Lietuv\u0105, skatinant jo k\u016brini\u0173 atlikim\u0105, nat\u0173 leidyb\u0105, vardo aktualizavim\u0105.<\/p>\n<p><a role=\"button\">Su\u017einokite daugiau<br \/>\n<\/a><\/p>\n<h2>Draugai ir partneriai<\/h2>\n<p>Informacija ruo\u0161iama.<\/p>\n","protected":false},"excerpt":{"rendered":"<p>Vlado Jakub\u0117no draugija Apie mus Nuo 1992 m. Lietuvoje veikian\u010dios Vlado Jakub\u0117no draugijos tikslas \u2013 aktualizuoti ir populiarinti \u017eymaus lietuvi\u0173 kompozitoriaus, muzikos kritiko, atlik\u0117jo, pedagogo Vlado Jakub\u0117no (1904\u20131976) k\u016bryb\u0105 ir vard\u0105; skatinti meno ir kult\u016bros sritis, kurios buvo artimos jo \u012fvairialypei veiklai. Su\u017einokite daugiau Tikslai, misija Vladas Jakub\u0117nas buvo viena kertini\u0173 tarpukario ir lietuvi\u0173 i\u0161eivijos &hellip;<\/p>\n<p class=\"read-more\"> <a class=\"\" href=\"https:\/\/jakubenas.lt\/index.php\/main\/\"> <span class=\"screen-reader-text\">Pagrindinis<\/span> Read More &raquo;<\/a><\/p>\n","protected":false},"author":1,"featured_media":0,"parent":0,"menu_order":0,"comment_status":"closed","ping_status":"closed","template":"","meta":{"site-sidebar-layout":"no-sidebar","site-content-layout":"page-builder","ast-main-header-display":"","ast-hfb-above-header-display":"","ast-hfb-below-header-display":"","ast-hfb-mobile-header-display":"","site-post-title":"disabled","ast-breadcrumbs-content":"","ast-featured-img":"disabled","footer-sml-layout":"","theme-transparent-header-meta":"default","adv-header-id-meta":"","stick-header-meta":"","header-above-stick-meta":"","header-main-stick-meta":"","header-below-stick-meta":"","footnotes":""},"class_list":["post-8","page","type-page","status-publish","hentry"],"_links":{"self":[{"href":"https:\/\/jakubenas.lt\/index.php\/wp-json\/wp\/v2\/pages\/8","targetHints":{"allow":["GET"]}}],"collection":[{"href":"https:\/\/jakubenas.lt\/index.php\/wp-json\/wp\/v2\/pages"}],"about":[{"href":"https:\/\/jakubenas.lt\/index.php\/wp-json\/wp\/v2\/types\/page"}],"author":[{"embeddable":true,"href":"https:\/\/jakubenas.lt\/index.php\/wp-json\/wp\/v2\/users\/1"}],"replies":[{"embeddable":true,"href":"https:\/\/jakubenas.lt\/index.php\/wp-json\/wp\/v2\/comments?post=8"}],"version-history":[{"count":97,"href":"https:\/\/jakubenas.lt\/index.php\/wp-json\/wp\/v2\/pages\/8\/revisions"}],"predecessor-version":[{"id":491,"href":"https:\/\/jakubenas.lt\/index.php\/wp-json\/wp\/v2\/pages\/8\/revisions\/491"}],"wp:attachment":[{"href":"https:\/\/jakubenas.lt\/index.php\/wp-json\/wp\/v2\/media?parent=8"}],"curies":[{"name":"wp","href":"https:\/\/api.w.org\/{rel}","templated":true}]}}